{"id":12,"date":"2018-02-18T13:47:23","date_gmt":"2018-02-18T13:47:23","guid":{"rendered":"http:\/\/hgv.mohlsdorf.de\/?page_id=12"},"modified":"2024-09-20T18:54:20","modified_gmt":"2024-09-20T18:54:20","slug":"impressum","status":"publish","type":"page","link":"https:\/\/hgv.mohlsdorf.de\/?page_id=12","title":{"rendered":"Impressum"},"content":{"rendered":"<p>&nbsp;<\/p>\n<div align=\"center\">\n<table border=\"0\" width=\"99%\" cellspacing=\"2\" cellpadding=\"0\" bgcolor=\"\">\n<tbody>\n<tr>\n<td valign=\"top\" width=\"300\"><strong>Betreiber dieser Seite:<\/strong><\/p>\n<p>Heimat- und Geschichtsverein Mohlsdorf e.V.<\/p>\n<p>Vors. Christine Dietel<br \/>\nAm Hummelsberge 25<br \/>\n07987 Mohlsdorf-Teichwolframsdorf<br \/>\nTelefon: 03661 432229<br \/>\nEmail:hgv(at)mohlsdorf.de<\/p>\n<p>Internet:<br \/>\nwww.mohlsdorf.de<\/td>\n<td>&nbsp;&nbsp;&nbsp;&nbsp;&nbsp;&nbsp;&nbsp;<\/td>\n<td valign=\"top\"><strong>1. Inhalt der Internetpr\u00e4senz<\/strong><br \/>\nDie Autoren \u00fcbernehmen keinerlei Gew\u00e4hr f\u00fcr die Aktualit\u00e4t, Korrektheit, Vollst\u00e4ndigkeit oder Qualit\u00e4t der bereitgestellten Informationen. Haftungsanspr\u00fcche gegen die Autoren, welche sich auf Sch\u00e4den materieller oder ideeller Art beziehen, die durch die Nutzung oder Nichtnutzung der dargebotenen Informationen bzw. durch die Nutzung fehlerhafter und unvollst\u00e4ndiger Informationen verursacht wurden, sind grunds\u00e4tzlich ausgeschlossen, sofern seitens der Autoren kein nachweislich vors\u00e4tzliches oder grob fahrl\u00e4ssiges Verschulden vorliegt. Die Autoren behalten es sich ausdr\u00fccklich vor, Teile der Seiten oder das gesamte Angebot ohne gesonderte Ank\u00fcndigung zu ver\u00e4ndern, zu erg\u00e4nzen, zu l\u00f6schen oder die Ver\u00f6ffentlichung zeitweise oder endg\u00fcltig einzustellen.<\/p>\n<p><strong>2. Urheber- und Kennzeichenrecht<\/strong><br \/>\nDie Autoren sind bestrebt, in allen Publikationen die Urheberrechte der verwendeten Grafiken, Tondokumente, Videosequenzen und Texte zu beachten, von ihnen selbst erstellte Grafiken, Tondokumente, Videosequenzen und Texte zu nutzen oder auf lizenzfreie Grafiken, Tondokumente, Videosequenzen und Texte zur\u00fcckzugreifen. Alle innerhalb des Internetangebotes genannten und ggf. durch Dritte gesch\u00fctzten Marken- und Warenzeichen unterliegen uneingeschr\u00e4nkt den Bestimmungen des jeweils g\u00fcltigen Kennzeichenrechts und den Besitzrechten der jeweiligen eingetragenen Eigent\u00fcmer. Allein aufgrund der blo\u00dfen Nennung ist nicht der Schlu\u00df zu ziehen, dass Markenzeichen nicht durch Rechte Dritter gesch\u00fctzt sind! Das Copyright f\u00fcr ver\u00f6ffentlichte, von den Autoren selbst erstellten Objekten bleibt allein bei den Autoren der Seiten. Eine Vervielf\u00e4ltigung oder Verwendung solcher Grafiken, Tondokumente, Videosequenzen und Texte in anderen elektronischen oder gedruckten Publikationen ist ohne ausdr\u00fcckliche Zustimmung der Autoren nicht gestattet.<\/p>\n<p><strong>Erkl\u00e4rung:<\/strong><br \/>\nF\u00fcr die auf dieser Homepage bestehenden Links zu fremden Seiten gilt nachfolgende Erkl\u00e4rung: Trotz sorgf\u00e4ltiger inhaltlicher Kontrolle \u00fcbernimmt der Heimat- und Geschichtsverein Mohlsdorf e.V. keine Haftung f\u00fcr die Inhalte verlinkter Seiten, sowie keine Gew\u00e4hr f\u00fcr die Richtigkeit der dort publizierten Inhalte.<\/p>\n<p>Da wir keinerlei Einflu\u00df auf Gestaltung und Inhalte der gelinkten Seiten haben, distanzieren wir uns ausdr\u00fccklich von den Inhalten aller gelinkten Seiten und machen uns diese nicht zu eigen.<br \/>\nF\u00fcr den Inhalt der verlinkten Seiten sind ausschlie\u00dflich die jeweiligen Betreiber selbst verantwortlich.<\/p>\n<p>Trotz regelm\u00e4\u00dfiger Pflege ist nicht auszuschlie\u00dfen, dass ein Betreiber seinen Link ge\u00e4ndert oder die Seite vom Webserver genommen hat.<\/p>\n<p>Falls Sie einen solchen Link bemerken sollten, m\u00f6chten wir Sie bitten uns dies mitzuteilen.<\/td>\n<\/tr>\n<tr>\n<td colspan=\"3\"><\/td>\n<\/tr>\n<tr>\n<td colspan=\"3\">\n<hr noshade=\"noshade\" size=\"1\" \/>\n<\/td>\n<\/tr>\n<\/tbody>\n<\/table>\n<\/div>\n","protected":false},"excerpt":{"rendered":"<p>&nbsp; Betreiber dieser Seite: Heimat- und Geschichtsverein Mohlsdorf e.V. Vors. Christine Dietel Am Hummelsberge 25 07987 Mohlsdorf-Teichwolframsdorf Telefon: 03661 432229 Email:hgv(at)mohlsdorf.de Internet: www.mohlsdorf.de &nbsp;&nbsp;&nbsp;&nbsp;&nbsp;&nbsp;&nbsp; 1. Inhalt der Internetpr\u00e4senz Die Autoren \u00fcbernehmen keinerlei Gew\u00e4hr f\u00fcr die Aktualit\u00e4t, Korrektheit, Vollst\u00e4ndigkeit oder Qualit\u00e4t der bereitgestellten Informationen. Haftungsanspr\u00fcche gegen die Autoren, welche sich auf Sch\u00e4den materieller oder ideeller Art [&hellip;]<\/p>\n","protected":false},"author":1,"featured_media":0,"parent":0,"menu_order":0,"comment_status":"closed","ping_status":"closed","template":"","meta":{"footnotes":""},"class_list":["post-12","page","type-page","status-publish","hentry"],"_links":{"self":[{"href":"https:\/\/hgv.mohlsdorf.de\/index.php?rest_route=\/wp\/v2\/pages\/12","targetHints":{"allow":["GET"]}}],"collection":[{"href":"https:\/\/hgv.mohlsdorf.de\/index.php?rest_route=\/wp\/v2\/pages"}],"about":[{"href":"https:\/\/hgv.mohlsdorf.de\/index.php?rest_route=\/wp\/v2\/types\/page"}],"author":[{"embeddable":true,"href":"https:\/\/hgv.mohlsdorf.de\/index.php?rest_route=\/wp\/v2\/users\/1"}],"replies":[{"embeddable":true,"href":"https:\/\/hgv.mohlsdorf.de\/index.php?rest_route=%2Fwp%2Fv2%2Fcomments&post=12"}],"version-history":[{"count":8,"href":"https:\/\/hgv.mohlsdorf.de\/index.php?rest_route=\/wp\/v2\/pages\/12\/revisions"}],"predecessor-version":[{"id":867,"href":"https:\/\/hgv.mohlsdorf.de\/index.php?rest_route=\/wp\/v2\/pages\/12\/revisions\/867"}],"wp:attachment":[{"href":"https:\/\/hgv.mohlsdorf.de\/index.php?rest_route=%2Fwp%2Fv2%2Fmedia&parent=12"}],"curies":[{"name":"wp","href":"https:\/\/api.w.org\/{rel}","templated":true}]}}